{"id":403,"date":"2025-07-24T05:28:39","date_gmt":"2025-07-24T05:28:39","guid":{"rendered":"https:\/\/hotelcontinental.no\/?page_id=403"},"modified":"2025-12-02T12:05:50","modified_gmt":"2025-12-02T12:05:50","slug":"om-oss","status":"publish","type":"page","link":"https:\/\/www.theatercafeen.no\/en\/om-oss\/","title":{"rendered":"About Us"},"content":{"rendered":"","protected":false},"excerpt":{"rendered":"","protected":false},"author":1,"featured_media":0,"parent":0,"menu_order":0,"comment_status":"closed","ping_status":"closed","template":"Om_oss.php","meta":{"_acf_changed":false,"inline_featured_image":false,"footnotes":""},"class_list":["post-403","page","type-page","status-publish","hentry"],"acf":[],"yoast_head":"<!-- This site is optimized with the Yoast SEO plugin v25.8 - https:\/\/yoast.com\/wordpress\/plugins\/seo\/ -->\n<title>Om oss<\/title>\n<meta name=\"description\" content=\"Vi har v\u00e6rt et av Oslos mest popul\u00e6re spise- og m\u00f8testeder i over hundre \u00e5r. Theatercaf\u00e9en passer like godt for et glass vin som for lunsj og middag.\" \/>\n<meta name=\"robots\" content=\"index, follow, max-snippet:-1, max-image-preview:large, max-video-preview:-1\" \/>\n<link rel=\"canonical\" href=\"https:\/\/www.theatercafeen.no\/en\/om-oss\/\" \/>\n<meta property=\"og:locale\" content=\"en_US\" \/>\n<meta property=\"og:type\" content=\"article\" \/>\n<meta property=\"og:title\" content=\"Om oss\" \/>\n<meta property=\"og:description\" content=\"Vi har v\u00e6rt et av Oslos mest popul\u00e6re spise- og m\u00f8testeder i over hundre \u00e5r. Theatercaf\u00e9en passer like godt for et glass vin som for lunsj og middag.\" \/>\n<meta property=\"og:url\" content=\"https:\/\/www.theatercafeen.no\/en\/om-oss\/\" \/>\n<meta property=\"og:site_name\" content=\"THEATERCAFEEN - HOTEL CONTINENTAL\" \/>\n<meta property=\"article:modified_time\" content=\"2025-12-02T12:05:50+00:00\" \/>\n<meta name=\"twitter:card\" content=\"summary_large_image\" \/>\n<script type=\"application\/ld+json\" class=\"yoast-schema-graph\">{\"@context\":\"https:\/\/schema.org\",\"@graph\":[{\"@type\":\"WebPage\",\"@id\":\"https:\/\/www.theatercafeen.no\/om-oss\/\",\"url\":\"https:\/\/www.theatercafeen.no\/om-oss\/\",\"name\":\"Om oss\",\"isPartOf\":{\"@id\":\"https:\/\/www.theatercafeen.no\/#website\"},\"datePublished\":\"2025-07-24T05:28:39+00:00\",\"dateModified\":\"2025-12-02T12:05:50+00:00\",\"description\":\"Vi har v\u00e6rt et av Oslos mest popul\u00e6re spise- og m\u00f8testeder i over hundre \u00e5r. Theatercaf\u00e9en passer like godt for et glass vin som for lunsj og middag.\",\"breadcrumb\":{\"@id\":\"https:\/\/www.theatercafeen.no\/om-oss\/#breadcrumb\"},\"inLanguage\":\"en-US\",\"potentialAction\":[{\"@type\":\"ReadAction\",\"target\":[\"https:\/\/www.theatercafeen.no\/om-oss\/\"]}]},{\"@type\":\"BreadcrumbList\",\"@id\":\"https:\/\/www.theatercafeen.no\/om-oss\/#breadcrumb\",\"itemListElement\":[{\"@type\":\"ListItem\",\"position\":1,\"name\":\"Home\",\"item\":\"https:\/\/www.theatercafeen.no\/\"},{\"@type\":\"ListItem\",\"position\":2,\"name\":\"Om oss\"}]},{\"@type\":\"WebSite\",\"@id\":\"https:\/\/www.theatercafeen.no\/#website\",\"url\":\"https:\/\/www.theatercafeen.no\/\",\"name\":\"THEATERCAFEEN - HOTEL CONTINENTAL\",\"description\":\"\",\"potentialAction\":[{\"@type\":\"SearchAction\",\"target\":{\"@type\":\"EntryPoint\",\"urlTemplate\":\"https:\/\/www.theatercafeen.no\/?s={search_term_string}\"},\"query-input\":{\"@type\":\"PropertyValueSpecification\",\"valueRequired\":true,\"valueName\":\"search_term_string\"}}],\"inLanguage\":\"en-US\"}]}<\/script>\n<!-- \/ Yoast SEO plugin. -->","yoast_head_json":{"title":"About Us","description":"We've been one of Oslo's most popular dining and meeting places for over a hundred years. Theatercaf\u00e9en is just as suitable for a glass of wine as for lunch and dinner.","robots":{"index":"index","follow":"follow","max-snippet":"max-snippet:-1","max-image-preview":"max-image-preview:large","max-video-preview":"max-video-preview:-1"},"canonical":"https:\/\/www.theatercafeen.no\/en\/om-oss\/","og_locale":"en_US","og_type":"article","og_title":"Om oss","og_description":"Vi har v\u00e6rt et av Oslos mest popul\u00e6re spise- og m\u00f8testeder i over hundre \u00e5r. Theatercaf\u00e9en passer like godt for et glass vin som for lunsj og middag.","og_url":"https:\/\/www.theatercafeen.no\/en\/om-oss\/","og_site_name":"THEATERCAFEEN - HOTEL CONTINENTAL","article_modified_time":"2025-12-02T12:05:50+00:00","twitter_card":"summary_large_image","schema":{"@context":"https:\/\/schema.org","@graph":[{"@type":"WebPage","@id":"https:\/\/www.theatercafeen.no\/om-oss\/","url":"https:\/\/www.theatercafeen.no\/om-oss\/","name":"About Us","isPartOf":{"@id":"https:\/\/www.theatercafeen.no\/#website"},"datePublished":"2025-07-24T05:28:39+00:00","dateModified":"2025-12-02T12:05:50+00:00","description":"We've been one of Oslo's most popular dining and meeting places for over a hundred years. Theatercaf\u00e9en is just as suitable for a glass of wine as for lunch and dinner.","breadcrumb":{"@id":"https:\/\/www.theatercafeen.no\/om-oss\/#breadcrumb"},"inLanguage":"en-US","potentialAction":[{"@type":"ReadAction","target":["https:\/\/www.theatercafeen.no\/om-oss\/"]}]},{"@type":"BreadcrumbList","@id":"https:\/\/www.theatercafeen.no\/om-oss\/#breadcrumb","itemListElement":[{"@type":"ListItem","position":1,"name":"Home","item":"https:\/\/www.theatercafeen.no\/"},{"@type":"ListItem","position":2,"name":"Om oss"}]},{"@type":"WebSite","@id":"https:\/\/www.theatercafeen.no\/#website","url":"https:\/\/www.theatercafeen.no\/","name":"THEATERCAFEEN - HOTEL CONTINENTAL","description":"","potentialAction":[{"@type":"SearchAction","target":{"@type":"EntryPoint","urlTemplate":"https:\/\/www.theatercafeen.no\/?s={search_term_string}"},"query-input":{"@type":"PropertyValueSpecification","valueRequired":true,"valueName":"search_term_string"}}],"inLanguage":"en-US"}]}},"_links":{"self":[{"href":"https:\/\/www.theatercafeen.no\/en\/wp-json\/wp\/v2\/pages\/403","targetHints":{"allow":["GET"]}}],"collection":[{"href":"https:\/\/www.theatercafeen.no\/en\/wp-json\/wp\/v2\/pages"}],"about":[{"href":"https:\/\/www.theatercafeen.no\/en\/wp-json\/wp\/v2\/types\/page"}],"author":[{"embeddable":true,"href":"https:\/\/www.theatercafeen.no\/en\/wp-json\/wp\/v2\/users\/1"}],"replies":[{"embeddable":true,"href":"https:\/\/www.theatercafeen.no\/en\/wp-json\/wp\/v2\/comments?post=403"}],"version-history":[{"count":7,"href":"https:\/\/www.theatercafeen.no\/en\/wp-json\/wp\/v2\/pages\/403\/revisions"}],"predecessor-version":[{"id":2295,"href":"https:\/\/www.theatercafeen.no\/en\/wp-json\/wp\/v2\/pages\/403\/revisions\/2295"}],"wp:attachment":[{"href":"https:\/\/www.theatercafeen.no\/en\/wp-json\/wp\/v2\/media?parent=403"}],"curies":[{"name":"wp","href":"https:\/\/api.w.org\/{rel}","templated":true}]}}