{"id":398,"date":"2025-07-24T05:11:11","date_gmt":"2025-07-24T05:11:11","guid":{"rendered":"https:\/\/hotelcontinental.no\/?page_id=398"},"modified":"2026-04-29T07:28:29","modified_gmt":"2026-04-29T07:28:29","slug":"theater-home","status":"publish","type":"page","link":"https:\/\/www.theatercafeen.no\/en\/","title":{"rendered":"THEATERCAFE"},"content":{"rendered":"","protected":false},"excerpt":{"rendered":"","protected":false},"author":1,"featured_media":0,"parent":0,"menu_order":0,"comment_status":"closed","ping_status":"closed","template":"homepage-theatercaffen.php","meta":{"_acf_changed":false,"inline_featured_image":false,"footnotes":""},"class_list":["post-398","page","type-page","status-publish","hentry"],"acf":[],"yoast_head":"<!-- This site is optimized with the Yoast SEO plugin v25.8 - https:\/\/yoast.com\/wordpress\/plugins\/seo\/ -->\n<title>Theatercaf\u00e9en<\/title>\n<meta name=\"description\" content=\"Theatercaf\u00e9en er en ikonisk restaurant i Oslo, kjent for sitt klassiske interi\u00f8r med en levende atmosf\u00e6re. THEATERCAFEEN - HOTEL CONTINENTAL\" \/>\n<meta name=\"robots\" content=\"index, follow, max-snippet:-1, max-image-preview:large, max-video-preview:-1\" \/>\n<link rel=\"canonical\" href=\"https:\/\/www.theatercafeen.no\/en\/\" \/>\n<meta property=\"og:locale\" content=\"en_US\" \/>\n<meta property=\"og:type\" content=\"article\" \/>\n<meta property=\"og:title\" content=\"Theatercaf\u00e9en\" \/>\n<meta property=\"og:description\" content=\"Theatercaf\u00e9en er en ikonisk restaurant i Oslo, kjent for sitt klassiske interi\u00f8r med en levende atmosf\u00e6re. THEATERCAFEEN - HOTEL CONTINENTAL\" \/>\n<meta property=\"og:url\" content=\"https:\/\/www.theatercafeen.no\/en\/\" \/>\n<meta property=\"og:site_name\" content=\"THEATERCAFEEN - HOTEL CONTINENTAL\" \/>\n<meta property=\"article:modified_time\" content=\"2026-04-29T07:28:29+00:00\" \/>\n<meta name=\"twitter:card\" content=\"summary_large_image\" \/>\n<script type=\"application\/ld+json\" class=\"yoast-schema-graph\">{\"@context\":\"https:\/\/schema.org\",\"@graph\":[{\"@type\":\"WebPage\",\"@id\":\"https:\/\/www.theatercafeen.no\/\",\"url\":\"https:\/\/www.theatercafeen.no\/\",\"name\":\"Theatercaf\u00e9en\",\"isPartOf\":{\"@id\":\"https:\/\/www.theatercafeen.no\/#website\"},\"datePublished\":\"2025-07-24T05:11:11+00:00\",\"dateModified\":\"2026-04-29T07:28:29+00:00\",\"description\":\"Theatercaf\u00e9en er en ikonisk restaurant i Oslo, kjent for sitt klassiske interi\u00f8r med en levende atmosf\u00e6re. THEATERCAFEEN - HOTEL CONTINENTAL\",\"breadcrumb\":{\"@id\":\"https:\/\/www.theatercafeen.no\/#breadcrumb\"},\"inLanguage\":\"en-US\",\"potentialAction\":[{\"@type\":\"ReadAction\",\"target\":[\"https:\/\/www.theatercafeen.no\/\"]}]},{\"@type\":\"BreadcrumbList\",\"@id\":\"https:\/\/www.theatercafeen.no\/#breadcrumb\",\"itemListElement\":[{\"@type\":\"ListItem\",\"position\":1,\"name\":\"Home\",\"item\":\"https:\/\/www.theatercafeen.no\/\"},{\"@type\":\"ListItem\",\"position\":2,\"name\":\"THEATERCAFEEN\"}]},{\"@type\":\"WebSite\",\"@id\":\"https:\/\/www.theatercafeen.no\/#website\",\"url\":\"https:\/\/www.theatercafeen.no\/\",\"name\":\"THEATERCAFEEN - HOTEL CONTINENTAL\",\"description\":\"\",\"potentialAction\":[{\"@type\":\"SearchAction\",\"target\":{\"@type\":\"EntryPoint\",\"urlTemplate\":\"https:\/\/www.theatercafeen.no\/?s={search_term_string}\"},\"query-input\":{\"@type\":\"PropertyValueSpecification\",\"valueRequired\":true,\"valueName\":\"search_term_string\"}}],\"inLanguage\":\"en-US\"}]}<\/script>\n<!-- \/ Yoast SEO plugin. -->","yoast_head_json":{"title":"Theatercaf\u00e9en","description":"Theatercaf\u00e9en is an iconic restaurant in Oslo, known for its classic interior with a vibrant atmosphere. THEATERCAFEEN - HOTEL CONTINENTAL","robots":{"index":"index","follow":"follow","max-snippet":"max-snippet:-1","max-image-preview":"max-image-preview:large","max-video-preview":"max-video-preview:-1"},"canonical":"https:\/\/www.theatercafeen.no\/en\/","og_locale":"en_US","og_type":"article","og_title":"Theatercaf\u00e9en","og_description":"Theatercaf\u00e9en er en ikonisk restaurant i Oslo, kjent for sitt klassiske interi\u00f8r med en levende atmosf\u00e6re. THEATERCAFEEN - HOTEL CONTINENTAL","og_url":"https:\/\/www.theatercafeen.no\/en\/","og_site_name":"THEATERCAFEEN - HOTEL CONTINENTAL","article_modified_time":"2026-04-29T07:28:29+00:00","twitter_card":"summary_large_image","schema":{"@context":"https:\/\/schema.org","@graph":[{"@type":"WebPage","@id":"https:\/\/www.theatercafeen.no\/","url":"https:\/\/www.theatercafeen.no\/","name":"Theatercaf\u00e9en","isPartOf":{"@id":"https:\/\/www.theatercafeen.no\/#website"},"datePublished":"2025-07-24T05:11:11+00:00","dateModified":"2026-04-29T07:28:29+00:00","description":"Theatercaf\u00e9en is an iconic restaurant in Oslo, known for its classic interior with a vibrant atmosphere. THEATERCAFEEN - HOTEL CONTINENTAL","breadcrumb":{"@id":"https:\/\/www.theatercafeen.no\/#breadcrumb"},"inLanguage":"en-US","potentialAction":[{"@type":"ReadAction","target":["https:\/\/www.theatercafeen.no\/"]}]},{"@type":"BreadcrumbList","@id":"https:\/\/www.theatercafeen.no\/#breadcrumb","itemListElement":[{"@type":"ListItem","position":1,"name":"Home","item":"https:\/\/www.theatercafeen.no\/"},{"@type":"ListItem","position":2,"name":"THEATERCAFEEN"}]},{"@type":"WebSite","@id":"https:\/\/www.theatercafeen.no\/#website","url":"https:\/\/www.theatercafeen.no\/","name":"THEATERCAFEEN - HOTEL CONTINENTAL","description":"","potentialAction":[{"@type":"SearchAction","target":{"@type":"EntryPoint","urlTemplate":"https:\/\/www.theatercafeen.no\/?s={search_term_string}"},"query-input":{"@type":"PropertyValueSpecification","valueRequired":true,"valueName":"search_term_string"}}],"inLanguage":"en-US"}]}},"_links":{"self":[{"href":"https:\/\/www.theatercafeen.no\/en\/wp-json\/wp\/v2\/pages\/398","targetHints":{"allow":["GET"]}}],"collection":[{"href":"https:\/\/www.theatercafeen.no\/en\/wp-json\/wp\/v2\/pages"}],"about":[{"href":"https:\/\/www.theatercafeen.no\/en\/wp-json\/wp\/v2\/types\/page"}],"author":[{"embeddable":true,"href":"https:\/\/www.theatercafeen.no\/en\/wp-json\/wp\/v2\/users\/1"}],"replies":[{"embeddable":true,"href":"https:\/\/www.theatercafeen.no\/en\/wp-json\/wp\/v2\/comments?post=398"}],"version-history":[{"count":123,"href":"https:\/\/www.theatercafeen.no\/en\/wp-json\/wp\/v2\/pages\/398\/revisions"}],"predecessor-version":[{"id":2714,"href":"https:\/\/www.theatercafeen.no\/en\/wp-json\/wp\/v2\/pages\/398\/revisions\/2714"}],"wp:attachment":[{"href":"https:\/\/www.theatercafeen.no\/en\/wp-json\/wp\/v2\/media?parent=398"}],"curies":[{"name":"wp","href":"https:\/\/api.w.org\/{rel}","templated":true}]}}